{"id":4344,"date":"2020-01-26T14:15:28","date_gmt":"2020-01-26T13:15:28","guid":{"rendered":"http:\/\/www.gulofilm.de\/?page_id=4344"},"modified":"2026-02-11T09:55:57","modified_gmt":"2026-02-11T08:55:57","slug":"auszeichnungen-amerikas-naturwunder-yosemite-2015","status":"publish","type":"page","link":"http:\/\/www.gulofilm.de\/en\/awards\/auszeichnungen-amerikas-naturwunder-yosemite-2015\/","title":{"rendered":"Awards: AMERICA&#8217;S NATIONAL PARKS &#8211; YOSEMITE (2015)"},"content":{"rendered":"<p><strong><span style=\"color: #3366cc;\"><span style=\"color: #3399cc;\">AMERICA&#8217;S NATIONAL PARKS &#8211; YOSEMITE (2015)<\/span><br \/>\n<\/span> has been 32 (*33) times finalist at international film festivals and received 24 (*25) awards, special mentions or nominations:&nbsp;<\/strong><\/p>\n<p><strong>1. NaturVision, International Nature and Wildlife Film Festival, July 2015, Germany<\/strong><br \/>\n(1. Nomination for NaturVision Film Music Award)<\/p>\n<p><strong>2. Matsalu Nature Film Festival, September 2015, Estonia<\/strong><br \/>\n(2. 1<sup>st<\/sup> Prize: Best Film in Category Nature)<\/p>\n<p><strong>3. Hollywood International Moving Pictures&nbsp;Film Festival, February 2016, U.S.A.<\/strong><br \/>\n(3. <span style=\"color: #333333;\">Best Picture<\/span>)<\/p>\n<p><strong>4. Accolade Global&nbsp;Film Competition, March&nbsp;2016,&nbsp;U.S.A.<\/strong><br \/>\n(4. <span style=\"color: #333333;\">Best of Show<\/span>, 5. Award of Excellence: Nature\/Environment\/Wildlife)<\/p>\n<p><strong>5. New York Los Angeles International Film Festival, NYLA, April&nbsp;2016,&nbsp;U.S.A.<\/strong><br \/>\n(6. Best Documentary Feature))<\/p>\n<p><strong>6. Wolves Independent International Film Awards, May 2016, Lithuania<\/strong><br \/>\n(7. Best Director)<\/p>\n<p><strong>7. Los Angeles Independent Film Festival Awards, LAIFFA, June 2016,&nbsp;U.S.A.<\/strong><br \/>\n(8. Best Documentary Feature, 9. Best Cinematography)<\/p>\n<p><strong>8. Indian Cine Film Festival, September 2016, India<\/strong><br \/>\n(10. Best Documentary, 11. Best Cinematography)<\/p>\n<p><strong>9.&nbsp;Wildlife Vaasa Festival, October 2016, Finland<\/strong><br \/>\n(12. Special Mention in Category Natural History Films<span style=\"color: #333333;\">)<\/span><\/p>\n<p><span style=\"color: #333333;\"><strong>10. Accolade Global Film Competition &#8211; 2016 Humanitarian Award, February 2017,&nbsp;U.S.A.<\/strong><\/span><br \/>\n<span style=\"color: #333333;\">(13. Humanitarian Outstanding Achievement)<\/span><\/p>\n<p><span style=\"color: #333333;\"><strong>11. Mountain Film Festival (Mammoth), February 2017,&nbsp;U.S.A.<\/strong><\/span><br \/>\n<span style=\"color: #333333;\">(14. Sierra Nevada&nbsp;Award in Category Documentary<\/span><span style=\"color: #333333;\">)<\/span><\/p>\n<p><span style=\"color: #333333;\"><strong>12. Indian World Film Festival, March&nbsp;2017,&nbsp;India<\/strong><\/span><br \/>\n<span style=\"color: #333333;\">(15. Best Cinematography [Documentary]<\/span><span style=\"color: #333333;\">)<\/span><\/p>\n<p><span style=\"color: #333333;\"><strong>13. Hollywood International Independent Documentary Awards, March&nbsp;2017,&nbsp;U.S.A.<\/strong><\/span><br \/>\n<span style=\"color: #333333;\">(16. Best Film of the Month, 17. Award of Excellence &#8211; Best Director, 18. Award of Excellence &#8211; Best Cinematography, 19. Award of Excellence &#8211; Best Editing<\/span><span style=\"color: #333333;\">)<\/span><\/p>\n<p><span style=\"color: #333333;\"><strong>14. Amsterdam Film Festival, May 2017, The Netherlands<\/strong><\/span><br \/>\n<span style=\"color: #333333;\">(20. Van Gogh Award in Category World Cinema: Documentary Feature<\/span><span style=\"color: #333333;\">)<\/span><\/p>\n<p><span style=\"color: #333333;\"><strong>15. Animal Behavior Society Film Festival, June&nbsp;2017,&nbsp;Canada<\/strong><\/span><br \/>\n<span style=\"color: #333333;\">(21. First Runner Up Best of Festival<\/span>)<\/p>\n<p><strong>16. RIIFA &#8211; Ramunas Atelier International Independent Film Awards, August 2017,&nbsp;Lithuania<\/strong><br \/>\n(22. Best Cinematography)<\/p>\n<p><strong>17. WIIFF &#8211; Wolves Independent International Film Festival, August 2017,&nbsp;Lithuania<\/strong><br \/>\n(23. Best Feature Film)<\/p>\n<p><strong>18. KIWEFF &#8211; Kolkata Internatio<span style=\"color: #333333;\">nal<span class=\"s1\"> Wildlife &amp; Environment <\/span>Film F<\/span>estival, December 2017,&nbsp;India<\/strong><br \/>\n(24. Best Director in Category Documentary)<\/p>\n<p><strong>* Television &amp; Film Awards \/ New York Festivals, April 2017, U.S.A.<\/strong><br \/>\n(* Silver World Medal for series AMERICA\u00b4S NATIONAL PARKS &#8211; Nature and Wildlife)<\/p>\n<p align=\"left\"><strong><span style=\"color: #008000;\"><span style=\"text-decoration: underline;\"><span style=\"color: #333333; text-decoration: underline;\">Finalist at following festivals:<\/span><\/span><\/span><\/strong><br \/>\n<span style=\"color: #333333;\"><strong>19. <\/strong>Festival Nature Namur, October 2015, Belgium&nbsp;<strong><br \/>\n<\/strong><strong>20. <\/strong>Festival de M\u00e9nigoute, October \/ November 2015, France<strong><br \/>\n21. <\/strong>IWFF Missoula, International Wildlife Film Festival, April&nbsp;2016, U.S.A.<strong><br \/>\n22. <\/strong>Gold Panda&nbsp;International Film Festival (Sichuan TV Festival), September&nbsp;2016,&nbsp;China<strong><br \/>\n23. <\/strong>WCFF New York Wildlife Conservation Film Festival, October 2016, U.S.A.<strong><br \/>\n24.&nbsp;<\/strong>Tegernsee International Mountain Film Festival, October 2016, Germany<strong><br \/>\n25.&nbsp;<\/strong>Bansko Mountain Film Fest, November 2016,&nbsp;Bulgaria<strong><br \/>\n26. <\/strong>Festival de l\u2019Oiseau Abbeville, April 2017, France<strong><br \/>\n27. <\/strong>Finisterra Arrabida Film Festival, May&nbsp;2017, Portugal<strong><br \/>\n28. <\/strong>Academia Film Olomouc &#8211; International Festival of Science Documentary Films, April 2017,&nbsp;Czech Republic<strong><br \/>\n29. <\/strong>IFF Ekotopfilm &#8211; Envirofilm, May 2017, Slovakia<strong><br \/>\n30. <\/strong>International Nature Film Festival G\u00f6d\u00f6ll\u0151, May 2017, Hungary<strong><br \/>\n31.&nbsp;<\/strong>IFF Earth Talks, October 2017,&nbsp;Czech Republic<strong><br \/>\n32. <\/strong>WIFF &#8211; Woodpecker International Film Festival , November 2017,&nbsp;India<\/span><\/p>\n<p align=\"left\"><span style=\"text-decoration: underline;\"><strong>Selected for screenings at&nbsp;festivals without&nbsp;competition:<br \/>\n<\/strong><\/span><span style=\"color: #333333;\">Madeira Film Festival, April&nbsp;2016, Portugal<\/span><\/p>\n<p><\/p>","protected":false},"excerpt":{"rendered":"<p>AMERICA&#8217;S NATIONAL PARKS &#8211; YOSEMITE (2015) has been 32 (*33) times finalist at international film festivals and received 24 (*25) awards, special mentions or nominations:&nbsp; 1. NaturVision, International Nature and Wildlife Film Festival, July 2015, Germany (1. Nomination for NaturVision Film Music Award) 2. Matsalu Nature Film Festival, September 2015, Estonia (2. 1st Prize: Best<a class=\"rmore\" href=\"http:\/\/www.gulofilm.de\/en\/awards\/auszeichnungen-amerikas-naturwunder-yosemite-2015\/\">&nbsp;&nbsp; Read More &#8230;<\/a><\/p>\n","protected":false},"author":3,"featured_media":0,"parent":2345,"menu_order":0,"comment_status":"closed","ping_status":"closed","template":"","meta":{"ngg_post_thumbnail":0},"_links":{"self":[{"href":"http:\/\/www.gulofilm.de\/en\/wp-json\/wp\/v2\/pages\/4344"}],"collection":[{"href":"http:\/\/www.gulofilm.de\/en\/wp-json\/wp\/v2\/pages"}],"about":[{"href":"http:\/\/www.gulofilm.de\/en\/wp-json\/wp\/v2\/types\/page"}],"author":[{"embeddable":true,"href":"http:\/\/www.gulofilm.de\/en\/wp-json\/wp\/v2\/users\/3"}],"replies":[{"embeddable":true,"href":"http:\/\/www.gulofilm.de\/en\/wp-json\/wp\/v2\/comments?post=4344"}],"version-history":[{"count":5,"href":"http:\/\/www.gulofilm.de\/en\/wp-json\/wp\/v2\/pages\/4344\/revisions"}],"predecessor-version":[{"id":6297,"href":"http:\/\/www.gulofilm.de\/en\/wp-json\/wp\/v2\/pages\/4344\/revisions\/6297"}],"up":[{"embeddable":true,"href":"http:\/\/www.gulofilm.de\/en\/wp-json\/wp\/v2\/pages\/2345"}],"wp:attachment":[{"href":"http:\/\/www.gulofilm.de\/en\/wp-json\/wp\/v2\/media?parent=4344"}],"curies":[{"name":"wp","href":"https:\/\/api.w.org\/{rel}","templated":true}]}}