{"id":4342,"date":"2020-01-26T14:14:37","date_gmt":"2020-01-26T13:14:37","guid":{"rendered":"http:\/\/www.gulofilm.de\/?page_id=4342"},"modified":"2024-09-01T13:54:27","modified_gmt":"2024-09-01T11:54:27","slug":"auszeichnungen-amerikas-naturwunder-yellowstone-2015","status":"publish","type":"page","link":"http:\/\/www.gulofilm.de\/en\/awards\/auszeichnungen-amerikas-naturwunder-yellowstone-2015\/","title":{"rendered":"Awards: AMERICA&#8217;S NATIONAL PARKS &#8211; YELLOWSTONE (2015)"},"content":{"rendered":"<p><\/p>\n<p align=\"left\"><strong><span style=\"color: #3366cc;\"><span style=\"color: #3399cc;\">AMERICA&#8217;S NATIONAL PARKS &#8211; YELLOWSTONE (2015)<\/span><br \/>\n<\/span> has been 46 times finalist at international film festivals and received 43 awards, special mentions or nominations:&nbsp;<\/strong><\/p>\n<p align=\"left\"><strong>1. Green Screen, International Wildlife Film Festival, September 2015, Germany<\/strong><br \/>\n(1. Best Animal Behaviour)<\/p>\n<p align=\"left\"><strong>2. Indian Cine Film Festival, September 2015, India<\/strong><br \/>\n(2. Best Cinematography, 3. Best Background Music)<\/p>\n<p><strong>3. Innsbruck Nature Film Festival, October 2015, Austria<\/strong><br \/>\n(4. Grand Prize of the City of Innsbruck &#8211;&nbsp;Documentaries Nature)<\/p>\n<p><strong>4. Hollywood International Moving Pictures&nbsp;Film Festival, January 2016, U.S.A.<\/strong><br \/>\n(5. Award of Recognition &#8211; Nature\/Environment\/Wildlife)<\/p>\n<p><strong>5. Wolves Independent International Film Awards, March&nbsp;2016, Lithuania<\/strong><br \/>\n(6. Best Cinematography)<\/p>\n<p><strong>6. Accolade Global&nbsp;Film Competition, March&nbsp;2016,&nbsp;U.S.A.<\/strong><br \/>\n(7. Award of Excellence Special Mention: Nature\/Environment\/Wildlife)<\/p>\n<p><strong>7. IWFF Missoula, International Wildlife Film Festival, April 2016, U.S.A.<\/strong><br \/>\n(8. Broadcast Feature Award)<\/p>\n<p><strong>8. Los Angeles Independent Film Festival Awards, LAIFFA, August 2016, U.S.A.<\/strong><br \/>\n(9. Best Cinematography)<\/p>\n<p><strong>9. WIIFF &#8211; Wolves Independent International Film Festival, August 2016, Lithuania<\/strong><br \/>\n(10. <span style=\"color: #333333;\">Best of Festival<\/span>)<\/p>\n<p><strong>10. International Gold Panda Documentary Festival (Sichuan TV Festival), September 2016, China<\/strong><br \/>\n(11. Best Photography: Nature and Environment)<\/p>\n<p><strong>11. Matsalu Nature Film Festival, September 2016, Estonia<\/strong><br \/>\n(12. Highly Commended&nbsp;Diploma)<\/p>\n<p><strong>12. Wildlife Vaasa Festival, October 2016, Finland<\/strong><br \/>\n(13. 2<sup>nd<\/sup> Place Best of Festival&nbsp;\/ 2<sup>nd<\/sup> Place Natural History Category)<\/p>\n<p><span style=\"color: #333333;\"><strong>13. Golden Urartu&nbsp;Film Festival, October 2016, Armenia<\/strong><\/span><br \/>\n<span style=\"color: #333333;\">(14. Best Nature Film<\/span>)<\/p>\n<p><span style=\"color: #333333;\"><strong>14. WCFF New York Wildlife Conservation Film Festival, October 2016, U.S.A.<br \/>\n<\/strong>(15. Best Feature Documentary)<\/span><\/p>\n<p><span style=\"color: #333333;\"><strong>15.&nbsp;Ekotopfilm CZ,&nbsp;October 2016,&nbsp;Czech Republic<br \/>\n<\/strong>(16. Best Film in Category Nature&nbsp;and Natural Science)<\/span><\/p>\n<p><span style=\"color: #333333;\"><strong>16. Festival Nature Namur, October 2016,&nbsp;Belgium<\/strong><\/span><br \/>\n<span style=\"color: #333333;\">(17. Audience Award &#8211; Prix du Public)<\/span><\/p>\n<p><span style=\"color: #333333;\"><strong>17. Sondrio Festival, International Documentary Film Festival on Parks, November&nbsp;2016, Italy<\/strong><\/span><br \/>\n<span style=\"color: #333333;\">(18. Special Mention, 19. Nomination for 1<sup>st<\/sup> Prize: &#8220;Town of Sondrio&#8221;, 20. Nomination for &#8220;Stelvio National Park&#8221; Award<\/span><span style=\"color: #333333;\">)<\/span><\/p>\n<p><span style=\"color: #333333;\"><strong>18. Accolade Global Film Competition &#8211; 2016 Humanitarian Award, February 2017,&nbsp;U.S.A.<\/strong><\/span><br \/>\n<span style=\"color: #333333;\">(21. Humanitarian Outstanding Achievement<\/span><span style=\"color: #333333;\">)<\/span><\/p>\n<p><span style=\"color: #333333;\"><strong>19. European Cinematography Awards, February 2017, Poland<\/strong><\/span><br \/>\n<span style=\"color: #333333;\">(22. Best Director, 23. Best Editing, 24. Best Sound Design, 25. Best Nature\/Travel Film, 26. Best Film of February &#8211;<strong><em>&nbsp;<\/em><\/strong>Golden Eagles Award<\/span><span style=\"color: #333333;\">)<\/span><\/p>\n<p><span style=\"color: #333333;\"><strong>20. Worldfest Houston, April &nbsp;2017,&nbsp;U.S.A.<\/strong><\/span><br \/>\n<span style=\"color: #333333;\">(27. Best Film &amp; Video Grand Remi Award, 28. Special Jury Award &#8211; Nature and Wildlife)<\/span><\/p>\n<p><span style=\"color: #333333;\"><strong>21. Television &amp; Film Awards \/ New York Festivals, April 2017, U.S.A.<\/strong><\/span><br \/>\n<span style=\"color: #333333;\">(29. Silver World Medal for series AMERICA\u00b4S NATIONAL PARKS &#8211; Nature and Wildlife)<\/span><\/p>\n<p><span style=\"color: #333333;\"><strong>22. Docs Without Borders Film Festival, May&nbsp;2017, U.S.A.<\/strong><\/span><br \/>\n<span style=\"color: #333333;\">(30. Outstanding Excellence Award for Cinematography, 31. Excellence Award for Wildlife Feature, 32. Excellence Award for Editing<\/span><span style=\"color: #333333;\">)<\/span><\/p>\n<p><span style=\"color: #333333;\"><strong>23.&nbsp;Finisterra Arrabida Film Festival, May&nbsp;2017, Portugal<\/strong><\/span><br \/>\n<span style=\"color: #333333;\">(33. 1st Prize Best Documentary Tourism Film, 34. 2nd Prize Nature &amp; Wildlife Tourism Film, 35. Best Music \/ Soundtrack<\/span>)<\/p>\n<p><strong>24.&nbsp;Maykop International Film Festival, July 2017, Russia<\/strong><br \/>\n(36. Best Nature\/Environment\/Wildlife Film)<\/p>\n<p><strong>25.&nbsp;<span style=\"color: #333333;\">Mountain Film Festival (Mammoth), February 2018,&nbsp;U.S.A.<\/span><br \/>\n<\/strong><span style=\"color: #333333;\">(37. Sir Edmund Hillary Award in Category Documentary<\/span>)<\/p>\n<p><strong>26.&nbsp;<span style=\"color: #333333;\">NatureTrack Film Festival, March 2018,&nbsp;U.S.A.<\/span><br \/>\n<\/strong><span style=\"color: #333333;\">(38. NTFF Conservation Category Award<\/span>)<\/p>\n<p><strong>27. <span style=\"color: #008000;\"><span style=\"color: #333333;\">The Impact DOCS Awards, February 2024,&nbsp;<\/span><\/span><span style=\"color: #333333;\">U.S.A.<\/span><br \/>\n<\/strong><span style=\"color: #333333;\">(39. Outstanding Achievement, 40. Award of Excellence: Nature \/ Environment \/ Wildlife, 41. Award of Excellence: Direction, 42. Award of Excellence: Cinematography, 43.&nbsp;Award of Excellence: Editing<\/span><span style=\"color: #333333;\">)<\/span><\/p>\n<p align=\"left\"><strong><span style=\"text-decoration: underline;\">Finalist at following festivals:<\/span><\/strong><br \/>\n<span style=\"color: #008000;\"><span style=\"color: #333333;\"><strong>28. <\/strong>Trofeo Stambecco D&#8217;oro &#8211; Gran Paradiso International Nature Film Festival, August 2015, Italy<strong><br \/>\n<\/strong><\/span><\/span><span style=\"color: #008000;\"><strong><span style=\"color: #333333;\">29. <\/span><\/strong><span style=\"color: #333333;\">Festival de M\u00e9nigoute, October \/ November 2015, France<\/span> <strong><br \/>\n<span style=\"color: #333333;\">30. <\/span><\/strong><span style=\"color: #333333;\">Mountainfilm Graz &#8211; International Filmfestival, November 2015, Austria<\/span> <strong><br \/>\n<span style=\"color: #333333;\">31. <\/span><\/strong><span style=\"color: #333333;\">Festival de l&#8217;Oiseau Abbeville, April&nbsp;2016,&nbsp;France<\/span>&nbsp;<strong><br \/>\n<span style=\"color: #333333;\">32. <\/span><\/strong><span style=\"color: #333333;\">Ekofilm Festival, May 2016,&nbsp;Poland<\/span><strong><span style=\"color: #333333;\"><br \/>\n33. <\/span><\/strong><span style=\"color: #333333;\">IFF Ekotopfilm &#8211; Envirofilm, May 2016, Slovakia<\/span><strong><span style=\"color: #333333;\"><br \/>\n34. <\/span><\/strong><span style=\"color: #333333;\">T-Film Ostrava, May 2016,&nbsp;Czech Republic<\/span><strong><span style=\"color: #333333;\"><br \/>\n35. <\/span><\/strong><span style=\"color: #333333;\">Tegernsee International Mountain Film Festival, October 2016,&nbsp;Germany<strong><br \/>\n36. <\/strong>Wildlife Film Festival Rotterdam (WFFR), October 2016, The Netherlands<br \/>\n<strong>37. <\/strong>SunChild International Environmental Film Festival, November 2016, Armenia<br \/>\n<strong>38. <\/strong>Bansko Mountain Film Fest, November 2016,&nbsp;Bulgaria<strong><br \/>\n39. <\/strong>F.I.F.A. Albert, March 2017, France<strong><br \/>\n40.<\/strong> International Nature Film Festival G\u00f6d\u00f6ll\u0151, May&nbsp;2017,&nbsp;Hungary<strong><br \/>\n41. <\/strong>International Ecological&nbsp;Film Festival &#8220;To Save and Preserve&#8221;, June&nbsp;2017,&nbsp;Russia <strong><br \/>\n42. <\/strong>Rural Filmfest &#8211; El Ed\u00e9n de La Mancha, August&nbsp;2017,&nbsp;Spain<strong><br \/>\n43. <\/strong>Green Vision International Environmental Film Festival, November 2017,&nbsp;Russia<strong><br \/>\n44. <\/strong>Japan Wildlife Film Festival, April 2018,&nbsp;Japan<strong><br \/>\n45.<\/strong>&nbsp;Militello Independent Film Fest, September 2018, Italy<strong><br \/>\n46.&nbsp;<\/strong>Kiev International Film Festival, May 2019, Ukraine<strong><br \/>\n<\/strong><\/span><\/span><\/p>\n<p align=\"left\"><span style=\"text-decoration: underline;\"><strong>Selected for special screenings at&nbsp;festivals:<br \/>\n<\/strong><\/span>Dar\u00dfer Naturfilmfestival, September 2015,&nbsp;Germany<\/p>\n<p><\/p>","protected":false},"excerpt":{"rendered":"<p>AMERICA&#8217;S NATIONAL PARKS &#8211; YELLOWSTONE (2015) has been 46 times finalist at international film festivals and received 43 awards, special mentions or nominations:&nbsp; 1. Green Screen, International Wildlife Film Festival, September 2015, Germany (1. Best Animal Behaviour) 2. Indian Cine Film Festival, September 2015, India (2. Best Cinematography, 3. Best Background Music) 3. Innsbruck Nature<a class=\"rmore\" href=\"http:\/\/www.gulofilm.de\/en\/awards\/auszeichnungen-amerikas-naturwunder-yellowstone-2015\/\">&nbsp;&nbsp; Read More &#8230;<\/a><\/p>\n","protected":false},"author":3,"featured_media":0,"parent":2345,"menu_order":0,"comment_status":"closed","ping_status":"closed","template":"","meta":{"ngg_post_thumbnail":0},"_links":{"self":[{"href":"http:\/\/www.gulofilm.de\/en\/wp-json\/wp\/v2\/pages\/4342"}],"collection":[{"href":"http:\/\/www.gulofilm.de\/en\/wp-json\/wp\/v2\/pages"}],"about":[{"href":"http:\/\/www.gulofilm.de\/en\/wp-json\/wp\/v2\/types\/page"}],"author":[{"embeddable":true,"href":"http:\/\/www.gulofilm.de\/en\/wp-json\/wp\/v2\/users\/3"}],"replies":[{"embeddable":true,"href":"http:\/\/www.gulofilm.de\/en\/wp-json\/wp\/v2\/comments?post=4342"}],"version-history":[{"count":7,"href":"http:\/\/www.gulofilm.de\/en\/wp-json\/wp\/v2\/pages\/4342\/revisions"}],"predecessor-version":[{"id":6039,"href":"http:\/\/www.gulofilm.de\/en\/wp-json\/wp\/v2\/pages\/4342\/revisions\/6039"}],"up":[{"embeddable":true,"href":"http:\/\/www.gulofilm.de\/en\/wp-json\/wp\/v2\/pages\/2345"}],"wp:attachment":[{"href":"http:\/\/www.gulofilm.de\/en\/wp-json\/wp\/v2\/media?parent=4342"}],"curies":[{"name":"wp","href":"https:\/\/api.w.org\/{rel}","templated":true}]}}