{"id":4336,"date":"2020-01-26T14:09:23","date_gmt":"2020-01-26T13:09:23","guid":{"rendered":"http:\/\/www.gulofilm.de\/?page_id=4336"},"modified":"2026-03-31T13:04:01","modified_gmt":"2026-03-31T11:04:01","slug":"auszeichnung-herrscher-einer-vergessenen-welt-biokos-drills-2019","status":"publish","type":"page","link":"http:\/\/www.gulofilm.de\/en\/awards\/auszeichnung-herrscher-einer-vergessenen-welt-biokos-drills-2019\/","title":{"rendered":"Awards: LOST KINGS OF BIOKO \/ MONKEYS OF BIOKO (2019)"},"content":{"rendered":"<p><\/p>\n<p align=\"left\"><strong><span style=\"color: #3366cc;\"><span style=\"color: #3399cc;\">LOST KINGS OF BIOKO \/ MONKEYS OF BIOKO (2019)<\/span><br \/>\n<\/span>has been 103 times finalist at international film festivals and received 114 awards, special mentions or nominations:<\/strong><\/p>\n<p align=\"left\"><span style=\"color: #333333;\"><strong>1.&nbsp;IWFF Missoula, International Wildlife Film Festival, April 2019, U.S.A.<\/strong><\/span><br \/>\n<span style=\"color: #333333;\">(1. Nomination for&nbsp;Broadcast Feature Award)<\/span><\/p>\n<p align=\"left\"><span style=\"color: #333333;\"><strong>2. International Nature Film Festival G\u00f6d\u00f6ll\u0151, May&nbsp;2019,&nbsp;Hungary<\/strong><\/span><br \/>\n<span style=\"color: #333333;\">(2. International Film Review &#8211; Nature Films: 2<sup>nd<\/sup>&nbsp;Prize<\/span><span style=\"color: #333333;\">)<\/span><\/p>\n<p align=\"left\"><span style=\"color: #333333;\"><strong>3. Accolade Global Film Competition, May 2019, U.S.A.<\/strong><\/span><br \/>\n<span style=\"color: #333333;\">(3. Best of Show, 4. Award of Excellence: Nature\/Environment\/Wildlife<\/span><span style=\"color: #333333;\">)<\/span><\/p>\n<p align=\"left\"><span style=\"color: #333333;\"><strong>4. European Cinematography Awards, May 2019, The Netherlands<\/strong><\/span><br \/>\n<span style=\"color: #333333;\">(5. Best Nature\/Travel Film, 6. Best Documentary Cinematography, 7. Best Sound)<\/span><\/p>\n<p align=\"left\"><span style=\"color: #333333;\"><strong>5. Best Shorts Competition, June 2019, U.S.A.<\/strong><\/span><br \/>\n<span style=\"color: #333333;\">(8.&nbsp;<span class=\"s1\">Award of Excellence Special Mention: Documentary Short<\/span>, 9.&nbsp;<span class=\"s1\">Award of Excellence Special Mention: Nature\/Environment\/Wildlife<\/span>)<\/span><\/p>\n<p align=\"left\"><span style=\"color: #333333;\"><strong>6. NaturVision, International Nature and Wildlife Film Festival, July 2019, Germany<\/strong><\/span><br \/>\n<span style=\"color: #333333;\">(10. German Wildlife Film Award &#8211; Joint Winner, 11. Nomination for NaturVision Film Music Award<\/span><span style=\"color: #333333;\">)<\/span><\/p>\n<p align=\"left\"><span style=\"color: #333333;\"><strong>7.&nbsp;Impact DOCS Awards, July 2019, U.S.A.<\/strong><\/span><br \/>\n<span style=\"color: #333333;\">(12. Outstanding Achievement Award: Documentary Feature<\/span><span style=\"color: #333333;\">)<\/span><\/p>\n<p align=\"left\"><span style=\"color: #333333;\"><strong>8.&nbsp;Animal Behavior Society Film Festival, July 2019, U.S.A.<\/strong><\/span><br \/>\n<span style=\"color: #333333;\">(13. First Runner Up Best of Festival<\/span><span style=\"color: #333333;\">)<\/span><\/p>\n<p align=\"left\"><span style=\"color: #333333;\"><strong>9.&nbsp;Green Screen, International Wildlife Film Festival, September 2019, Germany<\/strong><\/span><br \/>\n<span style=\"color: #333333;\">(14. Best of Festival, 15. Nomination for sh:z Audience Award)<\/span><\/p>\n<p align=\"left\"><span style=\"color: #333333;\"><strong>10.&nbsp;Cannes Corporate Media &amp; TV Awards, September 2019, France<\/strong><\/span><br \/>\n<span style=\"color: #333333;\">(16.&nbsp;Gold&nbsp;Dolphin Award in Category Nature, Environment &amp; Ecology)<\/span><\/p>\n<p align=\"left\"><span style=\"color: #333333;\"><strong>11.&nbsp;Dar\u00dfer Naturfilmfestival, October 2019, Germany<\/strong><\/span><br \/>\n<span style=\"color: #333333;\">(17. Nomination for Deutscher Naturfilmpreis 2019<\/span><span style=\"color: #333333;\">)<\/span><\/p>\n<p align=\"left\"><span style=\"color: #333333;\"><strong>12.&nbsp;WCFF &#8211; New York Wildlife Conservation Film Festival, October 2019, U.S.A.<\/strong><\/span><br \/>\n<span style=\"color: #333333;\">(18. Best Feature Film<\/span><span style=\"color: #333333;\">)<\/span><\/p>\n<p align=\"left\"><span style=\"color: #333333;\"><strong>13.&nbsp;Virgin Spring Cinefest, October 2019, India<br \/>\n<\/strong>(19. Best Film on Nature\/Environment\/Wildlife: Gold Award<\/span><span style=\"color: #333333;\">)<\/span><\/p>\n<p align=\"left\"><span style=\"color: #333333;\"><strong>14.&nbsp;IndieFEST Film Awards, November 2019, U.S.A.<br \/>\n<\/strong>(20. Award of Excellence Special Mention: Nature\/Environment\/Wildlife, 21. Award of Excellence: Direction, 22. Award of Excellence: Editing, 23. Award of Excellence: Cinematography, 24. Award of Excellence: Original Score)<\/span><\/p>\n<p align=\"left\"><span style=\"color: #333333;\"><strong>15.&nbsp;Oniros Film Awards, November 2019, Italy<br \/>\n<\/strong>(25. Best Nature Film, 26.&nbsp;Best Cinematography, 27. Best Natural Scenography, 28. Honorable Mention for Editing, 29. Nomination for Best Documentary)<\/span><\/p>\n<p align=\"left\"><span style=\"color: #333333;\"><strong>16.&nbsp;Sondrio Festival, November 2019, Italy<\/strong><\/span><br \/>\n<span style=\"color: #333333;\">(30. Nomination for 1st Prize: &#8220;Town of Sondrio&#8221;, 31. Nomination for &#8220;Stelvio National Park&#8221; Award<\/span><span style=\"color: #333333;\">)<\/span><\/p>\n<p align=\"left\"><span style=\"color: #333333;\"><strong>17.&nbsp;Golden Galaxy Awards, December 2019, India<br \/>\n<\/strong>(32. Nomination for Best Nature\/Environment\/Wildlife<\/span><span style=\"color: #333333;\">)<\/span><\/p>\n<p align=\"left\"><span style=\"color: #333333;\"><strong>18.&nbsp;Calcutta International Cult Film Festival, December 2019,&nbsp;India<br \/>\n<\/strong>(33. Outstanding Achievement Award in Category Nature\/Environment\/Wildlife<\/span><span style=\"color: #333333;\">)<\/span><\/p>\n<p align=\"left\"><span style=\"color: #333333;\"><strong>19.&nbsp;Cult Critic Movie Awards, December 2019,&nbsp;India<br \/>\n<\/strong>(34. Outstanding Achievement Award in Category Nature\/Environment\/Wildlife<\/span><span style=\"color: #333333;\">)<\/span><\/p>\n<p align=\"left\"><span style=\"color: #333333;\"><strong>20.&nbsp;A Show For A Change Film Festival, December 2019,&nbsp;U.S.A.<br \/>\n<\/strong>(35. Cinematography Award<\/span><span style=\"color: #333333;\">)<\/span><\/p>\n<p align=\"left\"><span style=\"color: #333333;\"><strong>21.&nbsp;IndieFEST Film Awards &#8211; 2019 Humanitarian Award, January 2020,&nbsp;U.S.A.<br \/>\n<\/strong>(36. Grand Prize<\/span><span style=\"color: #333333;\">)<\/span><\/p>\n<p align=\"left\"><span style=\"color: #333333;\"><strong>22.&nbsp;Golden Fox Awards, January 2020,&nbsp;India<br \/>\n<\/strong>(37. Nomination for Best Film on Nature\/Environment\/Wildlife)<\/span><\/p>\n<p align=\"left\"><span style=\"color: #333333;\"><strong><span style=\"color: #ff0000;\">23. United Nations&nbsp;<span style=\"caret-color: #008000;\">Development<\/span>&nbsp;Programme (UNDP) \/ CITES \/ Jackson Wild &#8211; WORLD WILDLIFE DAY Film Showcase: Biodiversity, 3rd March 2020, United Nations Headquarters in New York City, U.S.A.<\/span><br \/>\n<\/strong>(38. Nomination for Best Film in Category &#8220;Web of Life&#8221;)<\/span><\/p>\n<p align=\"left\"><span style=\"color: #333333;\"><strong>24. Television &amp; Film Awards \/ New York Festivals, April 2020, U.S.A.<br \/>\n<\/strong>(39. Gold World Medal \u2013 Nature and Wildlife<\/span><span style=\"color: #333333;\">)<\/span><\/p>\n<p align=\"left\"><span style=\"color: #333333;\"><strong>25.&nbsp;Druk International Film Festival, April 2020,&nbsp;Bhutan<br \/>\n<\/strong>(40. Outstanding Achievement in Category Documentary Films, 41. Outstanding Achievement in Category Nature\/Environment\/Wildlife<\/span><span style=\"color: #333333;\">)<\/span><\/p>\n<p align=\"left\"><span style=\"color: #333333;\"><strong>26.&nbsp;Los Angeles Independent Film Festival Awards (LAIFFA), June 2020, U.S.A.<br \/>\n<\/strong>(42. Best Documentary Feature, 43. Best Director &#8211; Documentary Feature, 44. Best Cinematography<\/span><span style=\"color: #333333;\">)<\/span><\/p>\n<p align=\"left\"><span style=\"color: #333333;\"><strong>27.&nbsp;<span style=\"color: #333333;\">Gran Paradiso International Nature Film Festival, July\/August 2020, Italy<\/span><br \/>\n<\/strong>(45. Special Mention of the Jury<\/span><span style=\"color: #333333;\">)<\/span><\/p>\n<p align=\"left\"><span style=\"color: #333333;\"><strong>28. Ireland Wildlife Film Festival, September 2020,&nbsp;Ireland<br \/>\n<\/strong>(46. Nomination for Best Feature Film<\/span><span style=\"color: #333333;\">)<\/span><\/p>\n<p align=\"left\"><span style=\"color: #333333;\"><strong>29. Kosice International Monthly Film Festival, September 2020, Slovakia<br \/>\n<\/strong>(47. Best Feature Documentary, 48.&nbsp;Best Editing, 49. Best Sound Design, 50.&nbsp;Best Cinematography<\/span>)<\/p>\n<p align=\"left\"><span style=\"color: #333333;\"><strong>30.&nbsp;Jean Luc Godard Awards, September 2020,&nbsp;India<br \/>\n<\/strong>(51. Nomination for Best Film on Nature<\/span>)<\/p>\n<p align=\"left\"><span style=\"color: #333333;\"><strong>31. Finisterra Arr\u00e1bida&nbsp;Film Art &amp; Tourism Festival, September \/ October 2020,&nbsp;Portugal<br \/>\n<\/strong>(52. 3<sup>rd&nbsp;<\/sup>Prize in Category Nature and Wildlife)<\/span><\/p>\n<p align=\"left\"><span style=\"color: #333333;\"><strong>32. NatureTrack Film Festival, October 2020,&nbsp;U.S.A.<br \/>\n<\/strong>(53. Best in Festival &#8211; Feature Film, 54. Best Conservation &#8211; Feature Film<\/span><span style=\"color: #333333;\">)<\/span><\/p>\n<p align=\"left\"><span style=\"color: #008000;\"><strong><span style=\"color: #ff0000;\">33.&nbsp;Wildscreen Festival &#8211; Panda Awards, 19th &#8211; 23rd October 2020,&nbsp;England<\/span><br \/>\n<\/strong><\/span>(55. Audience Prize, 56. Nomination for Production Team Award)<\/p>\n<p align=\"left\"><strong>34.&nbsp;Natourale &#8211; Nature &amp; Tourism Film Festival, December 2020,&nbsp;Germany<\/strong><span style=\"color: #008000;\"><strong><br \/>\n<\/strong><\/span>(57. Nomination for White Hessian Lion &#8211; Best Nature Feature<span style=\"color: #333333;\">)<\/span><\/p>\n<p align=\"left\"><span style=\"color: #333333;\"><strong>35. <\/strong><strong><span class=\"s1\">WorldMediaFestival \u2013 Television &amp; Corporate Media Awards, May 2021, Germany<br \/>\n<\/span><\/strong><span class=\"s1\">(58. Intermedia Globe Gold Award \u2013 Category Documentaries: Nature and Wildlife, 59.&nbsp;<\/span><\/span><span class=\"s1\">Special Award &#8220;MAGIC WAVES&#8221;&nbsp;<\/span><span class=\"s1\">for Best Original Music<\/span><span style=\"color: #333333;\">)<\/span><\/p>\n<p align=\"left\"><span style=\"color: #333333;\"><strong>36. Nature Without Borders International Film Festival, June 2021, U.S.A.<br \/>\n<\/strong>(60. Excellence in Category Wildlife\/Nature Documentaries, 61. Excellence in Category Original Score, 62. Outstanding Excellence in Category Sound Editing, 63. Excellence in Category Editing, 64. Excellence in Category Direction, 65. Outstanding Excellence in Category Cinematography<\/span><span style=\"color: #333333;\">)<\/span><\/p>\n<p align=\"left\"><span style=\"color: #333333;\"><strong>37. Maykop International Film Festival, July 2021,&nbsp;Russia<br \/>\n<\/strong>(66. Best Film about Nature)<\/span><\/p>\n<p align=\"left\"><span style=\"color: #333333;\"><strong>38.&nbsp;<span class=\"s1\">Zagreb Tourfilm Festival<\/span>, October 2021,&nbsp;Croatia<br \/>\n<\/strong>(67.&nbsp;Best Environmental Documentary Film<\/span><span style=\"color: #333333;\">)<\/span><\/p>\n<p align=\"left\"><span style=\"color: #333333;\"><strong>39. Nature In Focus, November 2021,&nbsp;India<br \/>\n<\/strong>(68. Best Natural History Film [Professional]<\/span><span style=\"color: #333333;\">)<\/span><\/p>\n<p align=\"left\"><span style=\"color: #333333;\"><strong>40. <\/strong><\/span><span style=\"color: #333333;\"><strong><span class=\"s1\">Swedish International Film Festival (SIFF)<\/span>, November 2021, Sweden<\/strong><br \/>\n(69. Best Documentary [Short]: SIFF Award of Eminence<\/span><span style=\"color: #333333;\">)<\/span><\/p>\n<p align=\"left\"><span style=\"color: #333333;\"><strong>41. Docs Without Borders, January 2022,&nbsp;U.S.A.<br \/>\n<\/strong>(70. Best Of Show &#8211; Category Wildlife\/Nature\/Animals, 71. Outstanding Excellence in Category<\/span>&nbsp;Direction, 72. Outstanding Excellence in Category&nbsp;Cinematography, 73. Outstanding Excellence in Category&nbsp;Editing, 74. Outstanding Excellence in Category&nbsp;Original Score)<\/p>\n<p align=\"left\"><span style=\"color: #333333;\"><strong>42. Kalakari Film Festival, March 2022,&nbsp;India<br \/>\n<\/strong>(75. Best Cinematography, 76. Best Short Film On Nature<\/span><span style=\"color: #333333;\">)<\/span><\/p>\n<p align=\"left\"><span style=\"color: #333333;\"><strong>43. Finisterra Brazil, April 2022,&nbsp;Brazil<br \/>\n<\/strong>(77. Best Cinematography, 78. 3rd Prize Best Documentary<\/span><span style=\"color: #333333;\">)<\/span><\/p>\n<p align=\"left\"><span style=\"color: #333333;\"><strong>44. CMS Vatavaran &#8211; Environment &amp; Wildlife International Film Festival, April 2022,&nbsp;India<br \/>\n<\/strong>(79. Nomination for Best Wildlife Conservation &#8211; International<\/span><span style=\"color: #333333;\">)<\/span><\/p>\n<p align=\"left\"><span style=\"color: #008000;\"><span style=\"color: #333333;\"><strong>45.&nbsp;Animalis Fabula Film Festival, May 2022,&nbsp;U.S.A.<br \/>\n<\/strong>(80. Best of Fest for Outstanding Feature Documentary,<\/span> <span style=\"color: #333333;\">81. Nomination for AniFab Award)<\/span><\/span><\/p>\n<p align=\"left\"><span style=\"color: #008000;\"><span style=\"color: #333333;\"><strong>46.&nbsp;<\/strong><\/span><span style=\"color: #333333;\"><strong>Wildlife Vaasa Festival, October 2022, Finland<\/strong><br \/>\n(82. Best of Festival&nbsp;\/ 1<sup>st<\/sup>&nbsp;Place Natural History Category)<\/span><\/span><\/p>\n<p align=\"left\"><span style=\"color: #333333;\"><strong>47.&nbsp;Tulum World Environment Film Festival, November 2022,&nbsp;Mexico<br \/>\n<\/strong>(83. Tulum Sol Best TWEFF Feature Film, 84. Best Writer &#8211; Feature Film<\/span><span style=\"color: #333333;\">)<\/span><\/p>\n<p align=\"left\"><span style=\"color: #333333;\"><strong>48.&nbsp;<span class=\"s1\">Ekurhuleni International Film Festival &#8211; EIFF 22, 24th November 2022, South Africa<\/span><br \/>\n<\/strong>(85. Nomination for Best Documentary Film<\/span><span style=\"color: #333333;\">)<\/span><\/p>\n<p align=\"left\"><span style=\"color: #333333;\"><strong>49.&nbsp;<\/strong><strong>International Motion Picture Awards, November 2022, Canada<\/strong><strong><br \/>\n<\/strong>(86. Best Film on Nature &amp; Wildlife, 87. Best Cinematography, 88. Best Sound Designing<\/span><span style=\"color: #333333;\">)<\/span><\/p>\n<p align=\"left\"><span style=\"color: #333333;\"><strong>50.&nbsp;<\/strong><strong>SENSEI FilmFest, December 2023, Japan<\/strong><strong><br \/>\n<\/strong>(89. Best Nature Documentary, 90. Nomination for Best Feature Documentary, 91. Best Documentary Directing<\/span><span style=\"color: #333333;\">)<\/span><\/p>\n<p align=\"left\"><span style=\"color: #333333;\"><strong>51. Anatolia International Film Festival<\/strong><strong>, August 2024, Turkey<\/strong><strong><br \/>\n<\/strong>(92. Best Feature Documentary, 93. Best Original Score<\/span><span style=\"color: #333333;\">)<\/span><\/p>\n<p align=\"left\"><span style=\"color: #333333;\"><strong>52.&nbsp;<\/strong><strong>Lonely Wolf International Film Festival London, August 2024, England<\/strong><strong><br \/>\n<\/strong>(94. Best Nature Documentary, 95. Nomination for Best Feature Documentary)<\/span><\/p>\n<p align=\"left\"><strong>53.<span class=\"s1\">&nbsp;Cinematography &amp; Photography Awards, January 2025, United Kingdom<\/span><\/strong><br \/>\n<span style=\"color: #333333;\">(96. Nomination<\/span><span style=\"color: #333333;\">)<\/span><\/p>\n<p align=\"left\"><strong>54.<span class=\"s1\"> FARO Concurso de Cinema Mediterr\u00e2neo e Mundial, January 2025, Portugal<\/span><\/strong><br \/>\n<span style=\"color: #333333;\">(97. Best Nature Documentary, 98.&nbsp;<\/span>Nomination for Best Sound &amp; Film Editing)<\/p>\n<p align=\"left\"><span style=\"color: #333333;\"><strong>55.&nbsp;Liverpool Indie Awards, March 2025,&nbsp;United Kingdom<br \/>\n<\/strong>(99. Nomination<\/span>)<\/p>\n<p align=\"left\"><strong>56.<span class=\"s1\"> Los Angeles Film and Documentary Awards, April 2025, U.S.A.<\/span><\/strong><br \/>\n<span style=\"color: #333333;\">(100. Best Travel or Nature Documentary<\/span><span style=\"color: #333333;\">)<\/span><\/p>\n<p align=\"left\"><strong>57.<span class=\"s1\"> New York Film and Cinematography Awards, April 2025, U.S.A.<\/span><\/strong><br \/>\n<span style=\"color: #333333;\">(101. Honorable Mention)<\/span><\/p>\n<p align=\"left\"><span style=\"color: #333333;\"><strong>58.&nbsp;London Vision Film Festival, August 2025,&nbsp;United Kingdom<br \/>\n<\/strong>(102. Best Feature Documentary, 103. Best Editing, 104. Best Cinematography, 105. Best Sound \/ Sound Design<\/span><span style=\"color: #333333;\">)<\/span><\/p>\n<p align=\"left\"><strong><span style=\"color: #333333;\">59.&nbsp;Osaka Horizon International Film Festival,&nbsp;<span style=\"caret-color: #333333;\">January<\/span>&nbsp;2026,&nbsp;Japan<\/span><br \/>\n<\/strong><span style=\"color: #333333;\">(106. Best Feature Documentary<\/span><span style=\"color: #333333;\">)<\/span><\/p>\n<p align=\"left\"><strong><span style=\"color: #333333;\">60.&nbsp;Golden Lion Geneva Awards,&nbsp;<span style=\"caret-color: #333333;\">February<\/span>&nbsp;2026,&nbsp;Switzerland<\/span><br \/>\n<\/strong><span style=\"color: #333333;\">(107. Nomination for Best Documentary Feature Film<\/span><span style=\"color: #333333; font-size: revert;\">)<\/span><\/p>\n<p align=\"left\"><strong><span style=\"color: #333333;\">61. 1st Monthly Film Festival, March 2026, Serbia<br \/>\n<\/span><\/strong><span style=\"color: #333333;\"><span class=\"s1\">(108. Best Medium Length Film, 109. Best Cinematography, 110. Best Editing, 111. Best Sound Design)<\/span><\/span><\/p>\n<p align=\"left\"><span style=\"color: #008000;\"><strong>62. New York Istanbul Short Film Festival, March 2026, Turkey<br \/>\n<\/strong>(112. Nomination)<\/span><\/p>\n<p align=\"left\"><span style=\"color: #008000;\"><strong>63. Golden Dragon Awards, October 2020, Bhutan (postponed)<br \/>\n<\/strong>(113. Nomination for Best Documentary Film, 114. Nomination for Best Film on Nature\/Environment\/Wildlife)<\/span><\/p>\n<p align=\"left\"><strong style=\"font-size: revert;\"><span style=\"text-decoration: underline;\">Finalist at following festivals:<\/span><\/strong><\/p>\n<p align=\"left\"><span style=\"color: #008000;\"><span style=\"color: #333333;\"><strong>64.<\/strong> T-Film Ostrava, May 2019,&nbsp;Czech Republic<strong><br \/>\n65. <\/strong>International TV Ecological Festival &#8220;To Save and Preserve&#8221;, June 2019, Russia<strong><br \/>\n66. <\/strong>WIIFF &#8211; Wolves Independent International Film Festival, August 2019, Lithuania<strong><br \/>\n67. <\/strong>Matsalu Nature Film Festival, September 2019, Estonia<strong><br \/>\n68. <\/strong>Innsbruck Nature Film Festival, October 2019, Austria<strong><br \/>\n69. <\/strong>Ekofilm, October 2019, Czech Republic<strong><br \/>\n70. <\/strong>Festival International Nature Namur, October 2019, Belgium<strong><br \/>\n71. <\/strong>SunChild International Environmental Film Festival, October 2019, Armenia<strong><br \/>\n72. <\/strong>Festival de M\u00e9nigoute, October\/November 2019, France<strong><br \/>\n73. <\/strong>Mountainfilm Graz, November 2019, Austria<strong><br \/>\n74. <\/strong>Bansko Film Fest, November 2019, Bulgaria<strong><br \/>\n75. <\/strong>China International Green Film Week, December 2019,&nbsp;China<strong><br \/>\n<\/strong><strong>76. <\/strong>\u00d6kofilmtour &#8211; Festival des Umwelt- und Naturfilms, April 2020, Germany<strong><br \/>\n<\/strong><strong>77.<\/strong>&nbsp;Jahorina Film Festival, August 2020, Bosnia and Herzegovina<strong><br \/>\n78. <\/strong>Caorle Film Festival, September 2020, Italy<br \/>\n<strong>79. <\/strong>International Environmental Film Festival of Patagonia (PEFF 2021), October 2020, Argentina<br \/>\n<strong>80. <\/strong><span class=\"s1\">\u010cZU<\/span> Film Festival\/Prague Science Film Fest (formerly known as Life Science Film Festival), October 2020, Czech Republic<strong><br \/>\n81. <\/strong>Academia Film Olomouc \u2013 International Festival of Science Documentary Films, October 2020, Czech Republic&nbsp;<strong><br \/>\n82. <\/strong>S.O.F.A., Shout Out For Animals Film Festival, October 2020, Republic of Cyprus<strong><br \/>\n<\/strong><strong>83. <\/strong>International Green Culture GREEN FEST Belgrade, October \/ November 2020, Serbia<strong><br \/>\n<\/strong><strong>84. <\/strong>Latin American Nature Awards, November 2020, Chile<br \/>\n<strong>85. <\/strong>Canadian Diversity Film Festival, November\/December 2020, Canada<span class=\"s1\" style=\"color: #008000;\"><strong><br \/>\n<\/strong><span style=\"color: #333333;\"><strong>86.<\/strong>&nbsp;Sochi Film Festival, February 2021, Russia<\/span><\/span><br \/>\n<strong>87. <\/strong>London Eco Film Festival 2020, March 2021, United Kingdom<br \/>\n<strong>88. <\/strong>RED Movie Awards, June 2021, France<br \/>\n<strong>89. <\/strong>Green Montenegro International Film Fest, July\/August 2021, Montenegro<strong><br \/>\n<span style=\"color: #008000;\"><span style=\"color: #333333;\">90. <\/span><\/span><\/strong><span style=\"color: #008000;\"><span style=\"color: #333333;\">International Festival of Environmental Films of Chefchaouen, June 2022, Morocco<strong><br \/>\n91. <\/strong>Travel Fest Albania, July 2022, Albania<strong><br \/>\n92. <\/strong>Animalis Fabula Film Festival, November 2022, U.S.A.<strong><br \/>\n93. <\/strong>Something Wicked DocuFest, February 2023, U.S.A.<strong><br \/>\n94. <\/strong>Europa Film Festival, March 2023, Spain<strong><br \/>\n<\/strong><strong><span class=\"s1\">95. <\/span><\/strong><span class=\"s1\">Venice Under the Stars \u2013 International Film Festival, December 2023, Italy<strong><br \/>\n<\/strong><strong>96. <\/strong>Symbiotic Film Festival, January 2024, Ukraine<strong><br \/>\n<span style=\"color: #008000;\">97. Pakistan International Wildlife &amp; Eco Film Festival (PIWEFF), 1st June 2023, Pakistan<\/span><\/strong><span style=\"color: #008000;\"><strong><br \/>\n98. F.I.F.A. Albert, 14th &#8211; 22nd March 2020, France (postponed)<br \/>\n99. Barents Ecology Film Festival, 30th July &#8211; 2nd August 2020, Russia (postponed)<br \/>\n100. IFF Ekotopfilm &#8211; Envirofilm, 19th &#8211; 23rd October 2020, Slovakia (postponed)<br \/>\n101. Northeast Mountain Film Festival, 28th &#8211; 29th August 2021, U.S.A. (postponed)<br \/>\n102. Green Academy Awards, 30th September 2023, India<br \/>\n103. Cannes World Art Festival, 5th February 2024, France<\/strong><\/span><\/span><\/span><\/span><\/span><\/span><\/p>\n<p align=\"left\"><strong><span style=\"color: #333333;\"><span style=\"text-decoration: underline;\">Selected for screenings at festivals without competition:<\/span><\/span><br \/>\n<\/strong><span class=\"s1\">Festival Internacional De Cine Verde &#8211; Santa Cruz, 30th October 2020, Bolivia<strong><br \/>\n<\/strong>WildViewTaiwan Film Festival in association with <span style=\"color: #ff0000;\">Wildscreen<\/span>, July 2021, Taiwan<strong><br \/>\n<\/strong>Kirjakantti Festival &#8211; Kuopio, November 2023, Finland<\/span><\/p>\n<p><\/p>","protected":false},"excerpt":{"rendered":"<p>LOST KINGS OF BIOKO \/ MONKEYS OF BIOKO (2019) has been 103 times finalist at international film festivals and received 114 awards, special mentions or nominations: 1.&nbsp;IWFF Missoula, International Wildlife Film Festival, April 2019, U.S.A. (1. Nomination for&nbsp;Broadcast Feature Award) 2. International Nature Film Festival G\u00f6d\u00f6ll\u0151, May&nbsp;2019,&nbsp;Hungary (2. International Film Review &#8211; Nature Films: 2nd&nbsp;Prize)<a class=\"rmore\" href=\"http:\/\/www.gulofilm.de\/en\/awards\/auszeichnung-herrscher-einer-vergessenen-welt-biokos-drills-2019\/\">&nbsp;&nbsp; Read More &#8230;<\/a><\/p>\n","protected":false},"author":3,"featured_media":0,"parent":2345,"menu_order":0,"comment_status":"closed","ping_status":"closed","template":"","meta":{"ngg_post_thumbnail":0},"_links":{"self":[{"href":"http:\/\/www.gulofilm.de\/en\/wp-json\/wp\/v2\/pages\/4336"}],"collection":[{"href":"http:\/\/www.gulofilm.de\/en\/wp-json\/wp\/v2\/pages"}],"about":[{"href":"http:\/\/www.gulofilm.de\/en\/wp-json\/wp\/v2\/types\/page"}],"author":[{"embeddable":true,"href":"http:\/\/www.gulofilm.de\/en\/wp-json\/wp\/v2\/users\/3"}],"replies":[{"embeddable":true,"href":"http:\/\/www.gulofilm.de\/en\/wp-json\/wp\/v2\/comments?post=4336"}],"version-history":[{"count":216,"href":"http:\/\/www.gulofilm.de\/en\/wp-json\/wp\/v2\/pages\/4336\/revisions"}],"predecessor-version":[{"id":6311,"href":"http:\/\/www.gulofilm.de\/en\/wp-json\/wp\/v2\/pages\/4336\/revisions\/6311"}],"up":[{"embeddable":true,"href":"http:\/\/www.gulofilm.de\/en\/wp-json\/wp\/v2\/pages\/2345"}],"wp:attachment":[{"href":"http:\/\/www.gulofilm.de\/en\/wp-json\/wp\/v2\/media?parent=4336"}],"curies":[{"name":"wp","href":"https:\/\/api.w.org\/{rel}","templated":true}]}}