{"id":4331,"date":"2020-01-26T13:58:37","date_gmt":"2020-01-26T12:58:37","guid":{"rendered":"http:\/\/www.gulofilm.de\/?page_id=4331"},"modified":"2026-04-09T23:29:08","modified_gmt":"2026-04-09T21:29:08","slug":"auszeichnungen-mt-suswa-im-herzen-des-vulkans-2019","status":"publish","type":"page","link":"http:\/\/www.gulofilm.de\/en\/awards\/auszeichnungen-mt-suswa-im-herzen-des-vulkans-2019\/","title":{"rendered":"Awards: MT. SUSWA \u2013 LIFE IN A VOLCANO (2019)"},"content":{"rendered":"<p><\/p>\n<p align=\"left\"><span style=\"color: #0b91b3;\"><strong>MT. SUSWA \u2013 LIFE IN A VOLCANO (2019)<br \/>\n<\/strong><\/span><strong>has been 58 times finalist at international film festivals and received 91 awards, special mentions or nominations<\/strong><strong>:&nbsp;<\/strong><\/p>\n<p><span style=\"color: #333333;\"><strong>1. Oniros Film Awards, February 2020, Italy<\/strong><\/span><br \/>\n<span style=\"color: #333333;\">(1. <span style=\"caret-color: #008000;\">Best Nature Film,&nbsp;<\/span>2.&nbsp;<span style=\"caret-color: #008000;\">Best Editing<\/span>, 3. Best Natural Scenography, 4.&nbsp;Nomination for Best Documentary Feature, 5. Nomination for Best Director, 6. Nomination for Best Cinematography)<\/span><\/p>\n<p><span style=\"color: #333333;\"><strong><span style=\"color: #333333;\">2.&nbsp;Accolade Global Film Competition, M<\/span>arch 2020, U.S.A.<\/strong><\/span><br \/>\n<span style=\"color: #333333;\">(7.&nbsp;<span class=\"s1\">Award of Excellence Special Mention: Documentary Short<\/span><span style=\"caret-color: #008000;\">, 8<\/span>.&nbsp;<span class=\"s1\">Award of Excellence: Nature\/Environment\/Wildlife<\/span>, 9.&nbsp;<span class=\"s1\">Award of Excellence: Direction<\/span>, 10.&nbsp;<span class=\"s1\">Award of Excellence: Editing<\/span>, 11.&nbsp;<span class=\"s1\">Award of Excellence: <\/span> Cinematography, 12.&nbsp;<span class=\"s1\">Award of Excellence: Original Score<\/span><\/span><span style=\"color: #333333;\">)<\/span><\/p>\n<p><span style=\"color: #333333;\"><strong>3.&nbsp;Best Shorts Competition, April&nbsp;2020, U.S.A.<\/strong><\/span><br \/>\n<span style=\"color: #333333;\">(13.&nbsp;<span class=\"s1\">Award of Excellence Special Mention: Nature\/Environment\/Wildlife<\/span><span style=\"caret-color: #008000;\">, 14<\/span>.&nbsp;<span class=\"s1\">Award of Excellence:&nbsp;Documentary Short<\/span><\/span><span style=\"color: #333333;\">)<\/span><\/p>\n<p><span style=\"color: #333333;\"><strong>4.&nbsp;Global Shorts, April&nbsp;2020, U.S.A.<\/strong><\/span><br \/>\n<span style=\"color: #333333;\">(15. Best&nbsp;<span class=\"s1\">Documentary Short<\/span><\/span><span style=\"color: #333333;\">)<\/span><\/p>\n<p><span style=\"color: #333333;\"><strong>5. Virgin Spring Cinefest, April 2020, India<\/strong><\/span><br \/>\n<span style=\"color: #333333;\">(16. Best Documentary Film: Gold Award, 17. Best Film on Nature\/Environment\/Wildlife: Gold Award<\/span><span style=\"color: #333333;\">)<\/span><\/p>\n<p><span style=\"color: #333333;\"><strong>6. Cult Critic Movie Awards, April 2020, India<br \/>\n<\/strong>(18.&nbsp;Best Film on Nature\/Environment\/Wildlife, 19. Best Documentary Film, 20. Best Cinematography, 21.&nbsp;<\/span>Best Film Score &#8211; Soundtrack, 22. Best Sound Designing, 23. Outstanding Achievement Award in Category Direction, 24. Outstanding Achievement Award in Category Editing)<\/p>\n<p><span style=\"color: #333333;\"><strong>7. IndieFEST Film Awards, May 2020, U.S.A.<\/strong><\/span><br \/>\n<span style=\"color: #333333;\">(25. Best of Show, 26. Award of Excellence: Documentary Feature<\/span><span style=\"color: #333333;\">)<\/span><\/p>\n<p align=\"left\"><span style=\"color: #333333;\"><strong>8.&nbsp;NaturVision, International Wildlife Film Festival, July 2019, Germany<\/strong><\/span><br \/>\n<span style=\"color: #333333;\">(27.&nbsp;<span class=\"s1\">Nomination for NaturVision Film Music Award<\/span>)<\/span><\/p>\n<p><span style=\"color: #333333;\"><strong>9.&nbsp;Animal Behavior Society Film Festival, July 2020, Germany<\/strong><\/span><br \/>\n<span style=\"color: #333333;\">(28. Best of Festival<\/span><span style=\"color: #333333;\">)<\/span><\/p>\n<p><span style=\"color: #333333;\"><strong>10.&nbsp;Impact DOCS Awards, July 2020, U.S.A.<\/strong><\/span><br \/>\n<span style=\"color: #333333;\">(29.&nbsp;<\/span><span class=\"s1\">Award of Excellence Special Mention: Documentary Feature<\/span><span style=\"color: #333333;\">)<\/span><\/p>\n<p><span style=\"color: #333333;\"><strong>11.&nbsp;Green Screen, International Nature and Wildlife Film Festival, September 2020, Germany<\/strong><\/span><br \/>\n<span style=\"color: #333333;\">(30. Nomination for Heinz Sielmann Award, 31.&nbsp;<span class=\"s1\">Nomination for Best Score, 32. Nomination for Award of the Juvenile Jury<\/span>)<\/span><\/p>\n<p><span style=\"color: #333333;\"><strong>12.&nbsp;<span class=\"s1\">Matsalu&nbsp;Nature Film Festival<\/span>, September 2020, Estonia<\/strong><\/span><br \/>\n<span style=\"color: #333333;\">(33. Special Prize of Tallinn Zoo<\/span><span style=\"color: #333333;\">)<\/span><\/p>\n<p><span style=\"color: #333333;\"><strong>14. T-Film Ostrava, September 2020, Czech Republic<\/strong><\/span><br \/>\n<span style=\"color: #333333;\">(34. Prize of Opavian Cultural Organization<\/span><span style=\"color: #333333;\">)<\/span><\/p>\n<p><span style=\"color: #333333;\"><strong>14. Jean Luc Godard Awards, September 2020, India<\/strong><\/span><br \/>\n<span style=\"color: #333333;\">(35. Nomination for&nbsp;Best Film on Nature\/Environment\/Wildlife, 36. Nomination for&nbsp;Best Documentary Film, 37. Nomination for&nbsp;Best Cinematography, 38.&nbsp;Nomination for&nbsp;Best Film Score &#8211; Soundtrack, 39. Nomination for&nbsp;Best Sound Designing<\/span><span style=\"color: #333333;\">)<\/span><\/p>\n<p><span style=\"color: #333333;\"><strong>15. Druk International Film Festival, September 2020, Bhutan<\/strong><\/span><br \/>\n<span style=\"color: #333333;\">(40. Best Director, 41. Best Editor, 42. Best Cinematography, 43. Best Sound Designing, 44. Best Film Score \/ Soundtrack, 45. Best Film&nbsp;<span class=\"s1\">on Nature\/Environment\/Wildlife<\/span>, 46. Outstanding Achievement Award in Category Documentary Film)<\/span><\/p>\n<p><span style=\"color: #333333;\"><strong>16.&nbsp;Dar\u00dfer Naturfilmfestival, October 2020, Germany<br \/>\n<\/strong>(47. Nomination for Deutscher Naturfilmpreis 2020<\/span><span style=\"color: #333333;\">)<\/span><\/p>\n<p><span style=\"color: #333333;\"><strong>17.&nbsp;Festival International Nature Namur, October 2020, Belgium<br \/>\n<\/strong>(48. Nomination for Animal Behaviour Award, 49. Nomination for Best Picture Award<\/span><span style=\"color: #333333;\">)<\/span><\/p>\n<p><span style=\"color: #333333;\"><strong>18.&nbsp;Sondrio Festival, November 2020, Italy<\/strong><\/span><br \/>\n<span style=\"color: #333333;\">(50.&nbsp;<span class=\"s1\">Nomination&nbsp;<\/span>for 1st Prize: \u201cTown of Sondrio\u201d, 51. Nomination for \u201cStelvio National Park\u201d Award<\/span><\/p>\n<p><span style=\"color: #333333;\"><strong>19.&nbsp;Golden Galaxy Awards, December 2020, India<\/strong><\/span><br \/>\n<span style=\"color: #333333;\">(52.&nbsp;<span class=\"s1\">Nomination for Best Documentary, 53. Nomination for Best Film on Nature\/Environment\/Wildlife<\/span>)<\/span><\/p>\n<p><span style=\"color: #333333;\"><strong>20. European Cinematography AWARDS, December 2020, The Netherlands<\/strong><\/span><br \/>\n<span style=\"color: #333333;\">(54.&nbsp;<span class=\"s1\">Best Documentary Film Cinematography, 55. Best&nbsp;<\/span>Nature\/<span class=\"s1\">Travel&nbsp;<\/span><span class=\"s1\">Film<\/span><\/span><span style=\"color: #333333;\">)<\/span><\/p>\n<p><span style=\"color: #333333;\"><strong>21. IndieFEST Film Awards &#8211; 2020 Humanitarian Awards , April 2021, U.S.A.&nbsp;<\/strong><\/span><br \/>\n<span style=\"color: #333333;\">(56.&nbsp;<span class=\"s1\">Outstanding Achievement<\/span><\/span><span style=\"color: #333333;\">)<\/span><\/p>\n<p><span style=\"color: #333333;\"><strong>22. RED Movie Awards, June 2021, France<\/strong><\/span><br \/>\n<span style=\"color: #333333;\">(57.&nbsp;<span class=\"s1\">Best Editor<\/span><\/span><span style=\"color: #333333;\">)<\/span><\/p>\n<p><span style=\"color: #333333;\"><strong>23. Los Angeles Independent Film Awards (LAIFFA), August 2021, U.S.A.<\/strong><\/span><br \/>\n<span style=\"color: #333333;\">(58.&nbsp;<span class=\"s1\">Best Documentary Feature, 59. Best Director Documentary Feature<\/span><\/span><span style=\"color: #333333;\">)<\/span><\/p>\n<p><span style=\"color: #333333;\"><strong>24. Television &amp; Film Awards \/ New York Festivals, October 2021 U.S.A.<\/strong><\/span><br \/>\n<span style=\"color: #333333;\">(60.&nbsp;<span class=\"s1\">Silver World Medal \u2013 Nature and Wildlife<\/span><\/span><span style=\"color: #333333;\">)<\/span><\/p>\n<p align=\"left\"><span style=\"color: #333333;\"><strong>25. <\/strong><\/span><span style=\"color: #333333;\"><strong><span class=\"s1\">Swedish International Film Festival (SIFF)<\/span>, December 2021, Sweden<\/strong><br \/>\n(61. Best Documentary [Short]: SIFF Award of Eminence<\/span><span style=\"color: #333333;\">)<\/span><\/p>\n<p align=\"left\"><span style=\"color: #333333;\"><strong>26<\/strong><\/span><span style=\"color: #333333;\"><span class=\"s1\"><span class=\"s1\"><span class=\"s1\"><strong><b>.&nbsp;<\/b>Mountain &#8211; Nature &#8211; Adventure Film Festival &#8211; 32 MML-Video and Photo, May 2022,&nbsp;U.S.A.<\/strong><br \/>\n(62. Nomination for Best Film<\/span><\/span><\/span><\/span><span style=\"color: #333333;\">)<\/span><\/p>\n<p align=\"left\"><span style=\"color: #333333;\"><strong>27. Nature Without Borders, July 2022, U.S.A.<\/strong><\/span><span style=\"color: #333333;\"><span class=\"s1\"><strong><b><br \/>\n<\/b><\/strong>(63. Best Of Show \u2013 Category Wildlife\/Nature Documentaries, 64. Outstanding Excellence in Category&nbsp;Direction, 65. Outstanding Excellence in Category&nbsp;Cinematography, 66. Excellence in Category&nbsp;Editing)<\/span><\/span><\/p>\n<p align=\"left\"><span style=\"color: #333333;\"><strong>28. Maykop International Film Festival, July 2022, Russia<\/strong><\/span><span style=\"color: #333333;\"><span class=\"s1\"><strong><b><br \/>\n<\/b><\/strong>(67. Best Nature Film<\/span><\/span><span style=\"color: #333333;\"><span class=\"s1\">)<\/span><\/span><\/p>\n<p align=\"left\"><span style=\"color: #333333;\"><strong>29. Docs Without Bprders, August 2022, U.S.A.<\/strong><\/span><span style=\"color: #333333;\"><span class=\"s1\"><strong><b><br \/>\n<\/b><\/strong>(68. Best Of Show \u2013 Category Wildlife\/Nature\/Animals, 69. Outstanding Excellence in Category&nbsp;Direction, 70. Outstanding Excellence in Category&nbsp;Cinematography, 71. Outstanding Excellence in Category&nbsp;Editing)<br \/>\n<\/span><\/span><\/p>\n<p align=\"left\"><span style=\"color: #333333;\"><strong>30<\/strong><\/span><span style=\"color: #333333;\"><span class=\"s1\"><strong><b>.&nbsp;<\/b>Finisterra Arr\u00e1bida Film Art &amp; Tourism Festival, October 2022,&nbsp;Portugal<\/strong><br \/>\n(72. 2nd Prize in Category Nature and Wildlife, 73. 2nd Prize in Category Documentary<\/span><\/span><span style=\"color: #333333;\"><span class=\"s1\">)<\/span><\/span><\/p>\n<p><span style=\"color: #333333;\"><span class=\"s1\"><strong>31. Natourale, December 2022, Germany<br \/>\n<\/strong>(74. Best Music, 75. Nomination for White Hessian Lion \u2013 Best Nature Feature<\/span><\/span><span style=\"color: #333333;\"><span class=\"s1\">)<\/span><\/span><\/p>\n<p><span style=\"color: #333333;\"><span class=\"s1\"><strong>32. <span style=\"color: #333333;\"><span class=\"s1\"><span class=\"s1\">International Motion Picture Awards, December 2022, Canada<\/span><\/span><\/span><br \/>\n<\/strong>(76. Best Film on Nature &amp; Wildlife, 77. Best Cinematography<\/span><\/span>)<\/p>\n<p><b>33. TULUM World Environment Film Festival, November 2025, Mexico<br \/>\n<\/b>(78. Best TULUM WE Selection Feature, 79. Best Cinematography Feature)<\/p>\n<p><b><span style=\"color: #333333;\">34. Cinematography and Photography Awards, December 2025, United Kingdom<\/span><br \/>\n<\/b>(80. Best Director Feature Film)<\/p>\n<p><b><span style=\"color: #333333;\">35. Liverpool Indie Awards, March 2026, United Kingdom<\/span><br \/>\n<\/b>(81. Nomination for Best Editing)<\/p>\n<p><b><span style=\"color: #333333;\">36. 1st Monthly Film Festival, March 2026, Serbia<\/span><br \/>\n<\/b>(82. Best Editing, 83. Best Sound Design, 84. Best Cinematography)<\/p>\n<p><span style=\"color: #008000;\"><b>37. Golden Dragon Awards, December 2020, Bhutan (postponed)<\/b><\/span><br \/>\n<span style=\"color: #008000;\">(85. Best Director, 86. Best Editor, 87. Best Cinematography, 88. Best Sound Designing, 89. Best Film Score \/ Soundtrack, 90. Best Film on Nature\/Environment\/Wildlife, 91. Outstanding Achievement Award in Category Documentary Film)<\/span><\/p>\n<p align=\"left\"><strong><span style=\"color: #008000;\"><span style=\"text-decoration: underline;\"><span style=\"color: #333333; text-decoration: underline;\">Finalist at following festivals:<\/span><\/span><\/span><\/strong><strong><span style=\"color: #008000;\"><br \/>\n<\/span><span style=\"color: #008000;\"><span style=\"color: #333333;\">38. <\/span><\/span><\/strong><span style=\"color: #008000;\"><span style=\"color: #333333;\"><span class=\"s1\">International Nature Film Festival G\u00f6d\u00f6ll\u0151<\/span><\/span><\/span><span style=\"color: #008000;\"><span style=\"color: #333333;\">, September 2020, Hungary<strong><br \/>\n39. <\/strong><span class=\"s1\">Innsbruck Nature Film Festival, October 2020, Austri<\/span><span class=\"s1\">a<\/span><strong><br \/>\n40. <\/strong>Kuala Lumpur Eco Film Fest (KLEFF), October 2020, Malaysia<strong><br \/>\n<\/strong><span style=\"color: #333333;\"><strong>41.<\/strong>&nbsp;International Ecological Film Festival TO SAVE AND PRESERVE<span class=\"s1\">, Octo<\/span>ber 2020, Russia<\/span><strong><span class=\"s1\" style=\"color: #008000;\"><b><br \/>\n<\/b><\/span><\/strong><\/span><\/span><span class=\"s1\"><span class=\"s1\"><span style=\"color: #008000;\"><span style=\"color: #333333;\"><strong>42. <\/strong><\/span><\/span>Wildlife Film Festival Rotterdam (WFFR)<\/span><\/span><span class=\"s1\">, November 2020, The Netherlands<span style=\"color: #008000;\"><span style=\"color: #333333;\"><strong><span class=\"s1\" style=\"color: #008000;\"><b><br \/>\n<\/b><\/span><\/strong><\/span><\/span><span style=\"color: #333333;\"><span class=\"s1\"><span class=\"s1\"><strong>43. <\/strong><\/span><\/span><\/span>Environmental Film Festival in the Nation\u2019s Capital, March 2021, U.S.A.<br \/>\n<span style=\"color: #008000;\"><span style=\"color: #333333;\"><span class=\"s1\" style=\"color: #333333;\"><span class=\"s1\" style=\"color: #008000;\"><strong><span style=\"color: #333333;\">44.<\/span> <\/strong><\/span><\/span>Eco Brasil Fest, April 2021, Brazil<strong><span class=\"s1\" style=\"color: #008000;\"><b><br \/>\n<\/b><\/span><span class=\"s1\" style=\"color: #333333;\"><span class=\"s1\" style=\"color: #008000;\"><span style=\"color: #333333;\">45.<\/span> <\/span><\/span><\/strong> AFO &#8211;&nbsp;<\/span><\/span>Academia Film Olomouc<span style=\"color: #008000;\"><span style=\"color: #333333;\">, April \/ May 2021, Czech Republic<strong><span class=\"s1\"><b><br \/>\n<\/b><\/span><\/strong><span class=\"s1\"><span class=\"s1\" style=\"color: #333333;\"><span class=\"s1\" style=\"color: #008000;\"><strong><span style=\"color: #333333;\">46.<\/span> <\/strong><\/span><\/span>Mountainfilm Graz<\/span><span class=\"s1\"> 2020, June 2021, Austria<strong><span class=\"s1\" style=\"color: #008000;\"><b><br \/>\n<\/b><\/span><\/strong><span class=\"s1\" style=\"color: #333333;\"><strong>47. <\/strong>S.O.F.A. Film Festival, October 2021, U.S.A.<strong><span class=\"s1\" style=\"color: #008000;\"><b><br \/>\n<\/b><\/span><\/strong><span class=\"s1\"><strong>48. <\/strong>A<\/span>ll Living Things Environmental Film Festival (ALT EFF), October 2021, India<span class=\"s1\" style=\"color: #008000;\"><strong><br \/>\n<span style=\"color: #333333;\">49. <\/span><\/strong><span style=\"color: #333333;\">Wolves Independent International Film Festival (WIFF), August 2020, Lithuania&nbsp;(postponed to 2021)<strong><b><br \/>\n<\/b><\/strong><strong>50. <\/strong>Festival International du Film Ornithologique de M\u00e9nigoute, October \/ November 2020, France (postponed to 2021)<strong><b><br \/>\n<\/b><\/strong><strong>51. <\/strong>CMS Vatavaran &#8211; Environment &amp; Wildlife International Film Festival, April 2022,&nbsp;India<strong><b><br \/>\n<\/b><\/strong><strong>52. <\/strong>Frozen River Film Festival, February 2022,&nbsp;U.S.A.<strong><b><br \/>\n<\/b><\/strong><strong>53. <\/strong>Europa&nbsp;Film Festival, March 2022,&nbsp;Spain<strong><br \/>\n54. <\/strong>Travel Fest Albania, July 2022, Albania<strong><br \/>\n55. <\/strong>Wildlife Vaasa Festival &#8211; International Nature Film Festival, September \/ October 2022, Finland<strong><br \/>\n56. <\/strong>WCFF \u2013 New York Wildlife Conservation Film Festival, October \/ November 2022, U.S.A.<strong><br \/>\n<span style=\"color: #333333;\">57. <\/span><\/strong><span style=\"color: #333333;\">Cinema Verde, February 2023, U.S.A.<span style=\"color: #008000;\"><strong><br \/>\n58. Pakistan International Wildlife &amp; Eco Film Festival (PIWEFF), 1st June 2023, Pakistan<\/strong><\/span><\/span><\/span><\/span><\/span><\/span><\/span><\/span><\/span><\/p>\n<p align=\"left\"><strong><span style=\"color: #008000;\"><span style=\"text-decoration: underline;\"><span style=\"color: #333333; text-decoration: underline;\">Festivals which screened the Making Of &#8220;AFRIKAS GEHEIMNISVOLLE WELTEN &#8211; DAS ABENTEUER&#8221; (2019):&nbsp;<\/span><\/span><\/span><\/strong><br \/>\n<span style=\"color: #008000;\"><span style=\"color: #333333;\"><span class=\"s1\">Mountainfilm Graz 2020, June 2021, Austria<\/span><\/span><\/span><\/p>\n<p><\/p>","protected":false},"excerpt":{"rendered":"<p>MT. SUSWA \u2013 LIFE IN A VOLCANO (2019) has been 58 times finalist at international film festivals and received 91 awards, special mentions or nominations:&nbsp; 1. Oniros Film Awards, February 2020, Italy (1. Best Nature Film,&nbsp;2.&nbsp;Best Editing, 3. Best Natural Scenography, 4.&nbsp;Nomination for Best Documentary Feature, 5. Nomination for Best Director, 6. Nomination for Best<a class=\"rmore\" href=\"http:\/\/www.gulofilm.de\/en\/awards\/auszeichnungen-mt-suswa-im-herzen-des-vulkans-2019\/\">&nbsp;&nbsp; Read More &#8230;<\/a><\/p>\n","protected":false},"author":3,"featured_media":0,"parent":2345,"menu_order":0,"comment_status":"closed","ping_status":"closed","template":"","meta":{"ngg_post_thumbnail":0},"_links":{"self":[{"href":"http:\/\/www.gulofilm.de\/en\/wp-json\/wp\/v2\/pages\/4331"}],"collection":[{"href":"http:\/\/www.gulofilm.de\/en\/wp-json\/wp\/v2\/pages"}],"about":[{"href":"http:\/\/www.gulofilm.de\/en\/wp-json\/wp\/v2\/types\/page"}],"author":[{"embeddable":true,"href":"http:\/\/www.gulofilm.de\/en\/wp-json\/wp\/v2\/users\/3"}],"replies":[{"embeddable":true,"href":"http:\/\/www.gulofilm.de\/en\/wp-json\/wp\/v2\/comments?post=4331"}],"version-history":[{"count":206,"href":"http:\/\/www.gulofilm.de\/en\/wp-json\/wp\/v2\/pages\/4331\/revisions"}],"predecessor-version":[{"id":6328,"href":"http:\/\/www.gulofilm.de\/en\/wp-json\/wp\/v2\/pages\/4331\/revisions\/6328"}],"up":[{"embeddable":true,"href":"http:\/\/www.gulofilm.de\/en\/wp-json\/wp\/v2\/pages\/2345"}],"wp:attachment":[{"href":"http:\/\/www.gulofilm.de\/en\/wp-json\/wp\/v2\/media?parent=4331"}],"curies":[{"name":"wp","href":"https:\/\/api.w.org\/{rel}","templated":true}]}}